{"id":9000,"date":"2025-08-01T22:43:14","date_gmt":"2025-08-01T22:43:14","guid":{"rendered":"https:\/\/sarrworld.com\/?page_id=9000"},"modified":"2025-08-09T14:41:12","modified_gmt":"2025-08-09T14:41:12","slug":"app","status":"publish","type":"page","link":"https:\/\/sarrworld.com\/fr\/app\/","title":{"rendered":"app"},"content":{"rendered":"\t\t<div data-elementor-type=\"wp-page\" data-elementor-id=\"9000\" class=\"elementor elementor-9000\" data-elementor-post-type=\"page\">\n\t\t\t\t<div class=\"elementor-element elementor-element-99f21b3 e-flex e-con-boxed e-con e-parent\" data-id=\"99f21b3\" data-element_type=\"container\" data-e-type=\"container\" data-settings=\"{&quot;background_background&quot;:&quot;classic&quot;}\">\n\t\t\t\t\t<div class=\"e-con-inner\">\n\t\t<div class=\"elementor-element elementor-element-2b8c35d e-con-full e-flex e-con e-child\" data-id=\"2b8c35d\" data-element_type=\"container\" data-e-type=\"container\" data-settings=\"{&quot;background_background&quot;:&quot;classic&quot;}\">\n\t\t\t\t<div class=\"elementor-element elementor-element-3c51d88 elementor-widget elementor-widget-image\" data-id=\"3c51d88\" data-element_type=\"widget\" data-e-type=\"widget\" data-widget_type=\"image.default\">\n\t\t\t\t<div class=\"elementor-widget-container\">\n\t\t\t\t\t\t\t\t\t\t\t\t\t\t\t<img fetchpriority=\"high\" decoding=\"async\" width=\"1024\" height=\"282\" src=\"https:\/\/sarrworld.com\/wp-content\/uploads\/2024\/09\/Sarr-maintenance-world-01-1-1-1024x282.png\" class=\"attachment-large size-large wp-image-8616\" alt=\"\" srcset=\"https:\/\/sarrworld.com\/wp-content\/uploads\/2024\/09\/Sarr-maintenance-world-01-1-1-1024x282.png 1024w, https:\/\/sarrworld.com\/wp-content\/uploads\/2024\/09\/Sarr-maintenance-world-01-1-1-e1726840266634.png 300w, https:\/\/sarrworld.com\/wp-content\/uploads\/2024\/09\/Sarr-maintenance-world-01-1-1-768x211.png 768w, https:\/\/sarrworld.com\/wp-content\/uploads\/2024\/09\/Sarr-maintenance-world-01-1-1-496x136.png 496w\" sizes=\"(max-width: 1024px) 100vw, 1024px\" \/>\t\t\t\t\t\t\t\t\t\t\t\t\t\t\t<\/div>\n\t\t\t\t<\/div>\n\t\t\t\t<\/div>\n\t\t\t\t<div class=\"elementor-element elementor-element-7ac94a5 elementor--h-position-center elementor--v-position-middle elementor-arrows-position-inside elementor-pagination-position-inside elementor-widget elementor-widget-slides\" data-id=\"7ac94a5\" data-element_type=\"widget\" data-e-type=\"widget\" data-settings=\"{&quot;navigation&quot;:&quot;both&quot;,&quot;autoplay&quot;:&quot;yes&quot;,&quot;pause_on_hover&quot;:&quot;yes&quot;,&quot;pause_on_interaction&quot;:&quot;yes&quot;,&quot;autoplay_speed&quot;:5000,&quot;infinite&quot;:&quot;yes&quot;,&quot;transition&quot;:&quot;slide&quot;,&quot;transition_speed&quot;:500}\" data-widget_type=\"slides.default\">\n\t\t\t\t<div class=\"elementor-widget-container\">\n\t\t\t\t\t\t\t\t\t<div class=\"elementor-swiper\">\n\t\t\t\t\t<div class=\"elementor-slides-wrapper elementor-main-swiper swiper\" role=\"region\" aria-roledescription=\"carousel\" aria-label=\"Slides\" dir=\"ltr\" data-animation=\"fadeInUp\">\n\t\t\t\t<div class=\"swiper-wrapper elementor-slides\">\n\t\t\t\t\t\t\t\t\t\t<div class=\"elementor-repeater-item-862d1cd swiper-slide\" role=\"group\" aria-roledescription=\"slide\"><div class=\"swiper-slide-bg\" role=\"img\"><\/div><div class=\"swiper-slide-inner\" ><div class=\"swiper-slide-contents\"><\/div><\/div><\/div><div class=\"elementor-repeater-item-09cc56b swiper-slide\" role=\"group\" aria-roledescription=\"slide\"><div class=\"swiper-slide-bg\" role=\"img\"><\/div><div class=\"swiper-slide-inner\" ><div class=\"swiper-slide-contents\"><\/div><\/div><\/div><div class=\"elementor-repeater-item-d4ff7ca swiper-slide\" role=\"group\" aria-roledescription=\"slide\"><div class=\"swiper-slide-bg\" role=\"img\"><\/div><div class=\"swiper-slide-inner\" ><div class=\"swiper-slide-contents\"><\/div><\/div><\/div>\t\t\t\t<\/div>\n\t\t\t\t\t\t\t\t\t\t\t\t\t\t\t<div class=\"elementor-swiper-button elementor-swiper-button-prev\" role=\"button\" tabindex=\"0\" aria-label=\"Previous slide\">\n\t\t\t\t\t\t\t<svg aria-hidden=\"true\" class=\"e-font-icon-svg e-eicon-chevron-left\" viewBox=\"0 0 1000 1000\" xmlns=\"http:\/\/www.w3.org\/2000\/svg\"><path d=\"M646 125C629 125 613 133 604 142L308 442C296 454 292 471 292 487 292 504 296 521 308 533L604 854C617 867 629 875 646 875 663 875 679 871 692 858 704 846 713 829 713 812 713 796 708 779 692 767L438 487 692 225C700 217 708 204 708 187 708 171 704 154 692 142 675 129 663 125 646 125Z\"><\/path><\/svg>\t\t\t\t\t\t<\/div>\n\t\t\t\t\t\t<div class=\"elementor-swiper-button elementor-swiper-button-next\" role=\"button\" tabindex=\"0\" aria-label=\"Next slide\">\n\t\t\t\t\t\t\t<svg aria-hidden=\"true\" class=\"e-font-icon-svg e-eicon-chevron-right\" viewBox=\"0 0 1000 1000\" xmlns=\"http:\/\/www.w3.org\/2000\/svg\"><path d=\"M696 533C708 521 713 504 713 487 713 471 708 454 696 446L400 146C388 133 375 125 354 125 338 125 325 129 313 142 300 154 292 171 292 187 292 204 296 221 308 233L563 492 304 771C292 783 288 800 288 817 288 833 296 850 308 863 321 871 338 875 354 875 371 875 388 867 400 854L696 533Z\"><\/path><\/svg>\t\t\t\t\t\t<\/div>\n\t\t\t\t\t\t\t\t\t\t\t\t\t\t\t\t<div class=\"swiper-pagination\"><\/div>\n\t\t\t\t\t\t\t\t\t\t\t\t<\/div>\n\t\t\t\t<\/div>\n\t\t\t\t\t\t\t\t<\/div>\n\t\t\t\t<\/div>\n\t\t<div class=\"elementor-element elementor-element-94a7e9e e-con-full e-flex e-con e-child\" data-id=\"94a7e9e\" data-element_type=\"container\" data-e-type=\"container\" data-settings=\"{&quot;background_background&quot;:&quot;classic&quot;}\">\n\t\t\t\t<div class=\"elementor-element elementor-element-e9ee465 elementor-button-align-stretch elementor-widget elementor-widget-form\" data-id=\"e9ee465\" data-element_type=\"widget\" data-e-type=\"widget\" data-settings=\"{&quot;step_next_label&quot;:&quot;\\u00c9tape suivante&quot;,&quot;step_previous_label&quot;:&quot;\\u00c9tape suivante&quot;,&quot;step_icon_shape&quot;:&quot;square&quot;,&quot;button_width&quot;:&quot;100&quot;,&quot;step_type&quot;:&quot;number_text&quot;}\" data-widget_type=\"form.default\">\n\t\t\t\t<div class=\"elementor-widget-container\">\n\t\t\t\t\t\t\t<form class=\"elementor-form\" method=\"post\" name=\"Sarr\" aria-label=\"Sarr\">\n\t\t\t<input type=\"hidden\" name=\"post_id\" value=\"9000\"\/>\n\t\t\t<input type=\"hidden\" name=\"form_id\" value=\"e9ee465\"\/>\n\t\t\t<input type=\"hidden\" name=\"referer_title\" value=\"app - sarrworld.com\" \/>\n\n\t\t\t\t\t\t\t<input type=\"hidden\" name=\"queried_id\" value=\"9000\"\/>\n\t\t\t\n\t\t\t<div class=\"elementor-form-fields-wrapper elementor-labels-above\">\n\t\t\t\t\t\t\t\t<div class=\"elementor-field-type-step elementor-field-group elementor-column elementor-field-group-field_d059eff elementor-col-100\">\n\t\t\t\t\t\t\t<div class=\"e-field-step elementor-hidden\" data-label=\"S\u00e9lectionnez les service\" data-previousButton=\"\" data-nextButton=\"\" data-iconUrl=\"\" data-iconLibrary=\"fas fa-star\" data-icon=\"&lt;svg class=&quot;e-font-icon-svg e-fas-star&quot; viewBox=&quot;0 0 576 512&quot; xmlns=&quot;http:\/\/www.w3.org\/2000\/svg&quot;&gt;&lt;path d=&quot;M259.3 17.8L194 150.2 47.9 171.5c-26.2 3.8-36.7 36.1-17.7 54.6l105.7 103-25 145.5c-4.5 26.3 23.2 46 46.4 33.7L288 439.6l130.7 68.7c23.2 12.2 50.9-7.4 46.4-33.7l-25-145.5 105.7-103c19-18.5 8.5-50.8-17.7-54.6L382 150.2 316.7 17.8c-11.7-23.6-45.6-23.9-57.4 0z&quot;&gt;&lt;\/path&gt;&lt;\/svg&gt;\" ><\/div>\n\n\t\t\t\t\t\t<\/div>\n\t\t\t\t\t\t\t\t<div class=\"elementor-field-type-select elementor-field-group elementor-column elementor-field-group-field_8e12860 elementor-col-100 elementor-field-required\">\n\t\t\t\t\t\t\t\t\t\t\t\t<label for=\"form-field-field_8e12860\" class=\"elementor-field-label\">\n\t\t\t\t\t\t\t\tQuel service souhaitez-vous ?\t\t\t\t\t\t\t<\/label>\n\t\t\t\t\t\t\t\t<div class=\"elementor-field elementor-select-wrapper remove-before \">\n\t\t\t<div class=\"select-caret-down-wrapper\">\n\t\t\t\t<svg aria-hidden=\"true\" class=\"e-font-icon-svg e-eicon-caret-down\" viewBox=\"0 0 571.4 571.4\" xmlns=\"http:\/\/www.w3.org\/2000\/svg\"><path d=\"M571 393Q571 407 561 418L311 668Q300 679 286 679T261 668L11 418Q0 407 0 393T11 368 36 357H536Q550 357 561 368T571 393Z\"><\/path><\/svg>\t\t\t<\/div>\n\t\t\t<select name=\"form_fields[field_8e12860]\" id=\"form-field-field_8e12860\" class=\"elementor-field-textual elementor-size-sm\" required=\"required\">\n\t\t\t\t\t\t\t\t\t<option value=\"\ud83c\udfe2 Entretien de bureaux et immeubles\">\ud83c\udfe2 Entretien de bureaux et immeubles<\/option>\n\t\t\t\t\t\t\t\t\t<option value=\"\ud83d\udd27 R\u00e9parations mineures\">\ud83d\udd27 R\u00e9parations mineures<\/option>\n\t\t\t\t\t\t\t\t\t<option value=\"\u2705 Inspection et maintenance pr\u00e9ventive\">\u2705 Inspection et maintenance pr\u00e9ventive<\/option>\n\t\t\t\t\t\t\t\t\t<option value=\"\ud83d\udea8 Services d\u2019urgence\">\ud83d\udea8 Services d\u2019urgence<\/option>\n\t\t\t\t\t\t\t\t\t<option value=\"\ud83d\udd10 Serrurerie\">\ud83d\udd10 Serrurerie<\/option>\n\t\t\t\t\t\t\t\t\t<option value=\"\ud83e\ude9f Installation et r\u00e9paration de vitrines\">\ud83e\ude9f Installation et r\u00e9paration de vitrines<\/option>\n\t\t\t\t\t\t\t\t\t<option value=\"\u2744\ufe0f Climatisation\">\u2744\ufe0f Climatisation<\/option>\n\t\t\t\t\t\t\t\t\t<option value=\"\u2699\ufe0f Menuiserie m\u00e9tallique\">\u2699\ufe0f Menuiserie m\u00e9tallique<\/option>\n\t\t\t\t\t\t\t\t\t<option value=\"\ud83e\udeb5 Menuiserie bois\">\ud83e\udeb5 Menuiserie bois<\/option>\n\t\t\t\t\t\t\t\t\t<option value=\"\ud83d\udee0\ufe0f Faux plafonds\">\ud83d\udee0\ufe0f Faux plafonds<\/option>\n\t\t\t\t\t\t\t\t\t<option value=\"\ud83e\ude9f Menuiserie aluminium\">\ud83e\ude9f Menuiserie aluminium<\/option>\n\t\t\t\t\t\t\t\t\t<option value=\"\u26a1\ufe0f \u00c9lectricit\u00e9\">\u26a1\ufe0f \u00c9lectricit\u00e9<\/option>\n\t\t\t\t\t\t\t\t\t<option value=\"\ud83e\udea0 Plomberie\">\ud83e\udea0 Plomberie<\/option>\n\t\t\t\t\t\t\t\t\t<option value=\"\ud83e\uddf1 carrelage\">\ud83e\uddf1 carrelage<\/option>\n\t\t\t\t\t\t\t\t\t<option value=\"\ud83c\udfa8 Peinture\">\ud83c\udfa8 Peinture<\/option>\n\t\t\t\t\t\t\t\t\t<option value=\"\ud83d\udee0\ufe0f R\u00e9novation\">\ud83d\udee0\ufe0f R\u00e9novation<\/option>\n\t\t\t\t\t\t\t\t\t<option value=\"\ud83e\ude91 Rev\u00eatement de sol\">\ud83e\ude91 Rev\u00eatement de sol<\/option>\n\t\t\t\t\t\t\t\t\t<option value=\"Select One\">Select One<\/option>\n\t\t\t\t\t\t\t<\/select>\n\t\t<\/div>\n\t\t\t\t\t\t<\/div>\n\t\t\t\t\t\t\t\t<div class=\"elementor-field-type-step elementor-field-group elementor-column elementor-field-group-field_c69c05d elementor-col-100\">\n\t\t\t\t\t\t\t<div class=\"e-field-step elementor-hidden\" data-label=\"Planification et D\u00e9tails\" data-previousButton=\"\u00c9tape pr\u00e9c\u00e9dente\" data-nextButton=\"\u00c9tape suivante\" data-iconUrl=\"\" data-iconLibrary=\"fas fa-star\" data-icon=\"&lt;svg class=&quot;e-font-icon-svg e-fas-star&quot; viewBox=&quot;0 0 576 512&quot; xmlns=&quot;http:\/\/www.w3.org\/2000\/svg&quot;&gt;&lt;path d=&quot;M259.3 17.8L194 150.2 47.9 171.5c-26.2 3.8-36.7 36.1-17.7 54.6l105.7 103-25 145.5c-4.5 26.3 23.2 46 46.4 33.7L288 439.6l130.7 68.7c23.2 12.2 50.9-7.4 46.4-33.7l-25-145.5 105.7-103c19-18.5 8.5-50.8-17.7-54.6L382 150.2 316.7 17.8c-11.7-23.6-45.6-23.9-57.4 0z&quot;&gt;&lt;\/path&gt;&lt;\/svg&gt;\" ><\/div>\n\n\t\t\t\t\t\t<\/div>\n\t\t\t\t\t\t\t\t<div class=\"elementor-field-type-date elementor-field-group elementor-column elementor-field-group-field_0755f84 elementor-col-100 elementor-field-required\">\n\t\t\t\t\t\t\t\t\t\t\t\t<label for=\"form-field-field_0755f84\" class=\"elementor-field-label\">\n\t\t\t\t\t\t\t\t\ud83d\udcc5 Date souhait\u00e9e\t\t\t\t\t\t\t<\/label>\n\t\t\t\t\t\t\n\t\t<input type=\"date\" name=\"form_fields[field_0755f84]\" id=\"form-field-field_0755f84\" class=\"elementor-field elementor-size-sm  elementor-field-textual elementor-date-field\" placeholder=\"S\u00e9lectionnez une date\" required=\"required\" pattern=\"[0-9]{4}-[0-9]{2}-[0-9]{2}\">\n\t\t\t\t\t\t<\/div>\n\t\t\t\t\t\t\t\t<div class=\"elementor-field-type-time elementor-field-group elementor-column elementor-field-group-field_23968da elementor-col-100 elementor-field-required\">\n\t\t\t\t\t\t\t\t\t\t\t\t<label for=\"form-field-field_23968da\" class=\"elementor-field-label\">\n\t\t\t\t\t\t\t\t\u23f0 Heure pr\u00e9f\u00e9r\u00e9e\t\t\t\t\t\t\t<\/label>\n\t\t\t\t\t\t\t\t<input type=\"time\" name=\"form_fields[field_23968da]\" id=\"form-field-field_23968da\" class=\"elementor-field elementor-size-sm  elementor-field-textual elementor-time-field\" placeholder=\"S\u00e9lectionnez une heure\" required=\"required\">\n\t\t\t\t\t\t<\/div>\n\t\t\t\t\t\t\t\t<div class=\"elementor-field-type-text elementor-field-group elementor-column elementor-field-group-field_0d255a3 elementor-col-100 elementor-field-required\">\n\t\t\t\t\t\t\t\t\t\t\t\t<label for=\"form-field-field_0d255a3\" class=\"elementor-field-label\">\n\t\t\t\t\t\t\t\t\ud83c\udfe0 Adresse compl\u00e8te\t\t\t\t\t\t\t<\/label>\n\t\t\t\t\t\t\t\t\t\t\t\t\t\t<input size=\"1\" type=\"text\" name=\"form_fields[field_0d255a3]\" id=\"form-field-field_0d255a3\" class=\"elementor-field elementor-size-sm  elementor-field-textual\" placeholder=\"Entrez l\u2019adresse compl\u00e8te du lieu d\u2019intervention\" required=\"required\">\n\t\t\t\t\t\t\t\t\t\t\t<\/div>\n\t\t\t\t\t\t\t\t<div class=\"elementor-field-type-textarea elementor-field-group elementor-column elementor-field-group-field_c1e6cbd elementor-col-100\">\n\t\t\t\t\t\t\t\t\t\t\t\t<label for=\"form-field-field_c1e6cbd\" class=\"elementor-field-label\">\n\t\t\t\t\t\t\t\tDescription du probl\u00e8me\t\t\t\t\t\t\t<\/label>\n\t\t\t\t\t\t<textarea class=\"elementor-field-textual elementor-field  elementor-size-sm\" name=\"form_fields[field_c1e6cbd]\" id=\"form-field-field_c1e6cbd\" rows=\"4\" placeholder=\"D\u00e9crivez bri\u00e8vement le probl\u00e8me ou le service souhait\u00e9\"><\/textarea>\t\t\t\t<\/div>\n\t\t\t\t\t\t\t\t<div class=\"elementor-field-type-step elementor-field-group elementor-column elementor-field-group-field_b1a2d6f elementor-col-100\">\n\t\t\t\t\t\t\t<div class=\"e-field-step elementor-hidden\" data-label=\"Vos informations de contact\" data-previousButton=\"\u00c9tape pr\u00e9c\u00e9dente\" data-nextButton=\"\u00c9tape suivante\" data-iconUrl=\"\" data-iconLibrary=\"fas fa-star\" data-icon=\"&lt;svg class=&quot;e-font-icon-svg e-fas-star&quot; viewBox=&quot;0 0 576 512&quot; xmlns=&quot;http:\/\/www.w3.org\/2000\/svg&quot;&gt;&lt;path d=&quot;M259.3 17.8L194 150.2 47.9 171.5c-26.2 3.8-36.7 36.1-17.7 54.6l105.7 103-25 145.5c-4.5 26.3 23.2 46 46.4 33.7L288 439.6l130.7 68.7c23.2 12.2 50.9-7.4 46.4-33.7l-25-145.5 105.7-103c19-18.5 8.5-50.8-17.7-54.6L382 150.2 316.7 17.8c-11.7-23.6-45.6-23.9-57.4 0z&quot;&gt;&lt;\/path&gt;&lt;\/svg&gt;\" ><\/div>\n\n\t\t\t\t\t\t<\/div>\n\t\t\t\t\t\t\t\t<div class=\"elementor-field-type-text elementor-field-group elementor-column elementor-field-group-field_d729788 elementor-col-100 elementor-field-required\">\n\t\t\t\t\t\t\t\t\t\t\t\t<label for=\"form-field-field_d729788\" class=\"elementor-field-label\">\n\t\t\t\t\t\t\t\t\ud83d\udc64 Nom complet*\t\t\t\t\t\t\t<\/label>\n\t\t\t\t\t\t\t\t\t\t\t\t\t\t<input size=\"1\" type=\"text\" name=\"form_fields[field_d729788]\" id=\"form-field-field_d729788\" class=\"elementor-field elementor-size-sm  elementor-field-textual\" placeholder=\"Entrez votre nom complet\" required=\"required\">\n\t\t\t\t\t\t\t\t\t\t\t<\/div>\n\t\t\t\t\t\t\t\t<div class=\"elementor-field-type-tel elementor-field-group elementor-column elementor-field-group-field_2453410 elementor-col-100 elementor-field-required\">\n\t\t\t\t\t\t\t\t\t\t\t\t<label for=\"form-field-field_2453410\" class=\"elementor-field-label\">\n\t\t\t\t\t\t\t\t\ud83d\udcde Num\u00e9ro de t\u00e9l\u00e9phone*\t\t\t\t\t\t\t<\/label>\n\t\t\t\t\t\t\t\t<input size=\"1\" type=\"tel\" name=\"form_fields[field_2453410]\" id=\"form-field-field_2453410\" class=\"elementor-field elementor-size-sm  elementor-field-textual\" placeholder=\"Entrez votre num\u00e9ro de t\u00e9l\u00e9phone\" required=\"required\" pattern=\"[0-9()#&amp;+*-=.]+\" title=\"Only numbers and phone characters (#, -, *, etc) are accepted.\">\n\n\t\t\t\t\t\t<\/div>\n\t\t\t\t\t\t\t\t<div class=\"elementor-field-type-email elementor-field-group elementor-column elementor-field-group-field_a1b7e2a elementor-col-100\">\n\t\t\t\t\t\t\t\t\t\t\t\t<label for=\"form-field-field_a1b7e2a\" class=\"elementor-field-label\">\n\t\t\t\t\t\t\t\t\ud83d\udce7 Adresse email (optionnelle)\t\t\t\t\t\t\t<\/label>\n\t\t\t\t\t\t\t\t\t\t\t\t\t\t<input size=\"1\" type=\"email\" name=\"form_fields[field_a1b7e2a]\" id=\"form-field-field_a1b7e2a\" class=\"elementor-field elementor-size-sm  elementor-field-textual\" placeholder=\"(optionnel) Entrez votre adresse email\">\n\t\t\t\t\t\t\t\t\t\t\t<\/div>\n\t\t\t\t\t\t\t\t<div class=\"elementor-field-group elementor-column elementor-field-type-submit elementor-col-100 e-form__buttons\">\n\t\t\t\t\t<button class=\"elementor-button elementor-size-sm\" type=\"submit\">\n\t\t\t\t\t\t<span class=\"elementor-button-content-wrapper\">\n\t\t\t\t\t\t\t\t\t\t\t\t\t\t\t\t\t\t\t\t\t\t<span class=\"elementor-button-text\">Confirmer et envoyer<\/span>\n\t\t\t\t\t\t\t\t\t\t\t\t\t<\/span>\n\t\t\t\t\t<\/button>\n\t\t\t\t<\/div>\n\t\t\t<\/div>\n\t\t<\/form>\n\t\t\t\t\t\t<\/div>\n\t\t\t\t<\/div>\n\t\t\t\t<\/div>\n\t\t\t\t\t<\/div>\n\t\t\t\t<\/div>\n\t\t\t\t<\/div>\n\t\t","protected":false},"excerpt":{"rendered":"","protected":false},"author":1,"featured_media":0,"parent":0,"menu_order":0,"comment_status":"closed","ping_status":"closed","template":"elementor_canvas","meta":{"footnotes":""},"class_list":["post-9000","page","type-page","status-publish","hentry"],"ams_acf":[],"yoast_head":"<!-- This site is optimized with the Yoast SEO plugin v27.4 - https:\/\/yoast.com\/product\/yoast-seo-wordpress\/ -->\n<title>app - sarrworld.com<\/title>\n<meta name=\"robots\" content=\"index, follow, max-snippet:-1, max-image-preview:large, max-video-preview:-1\" \/>\n<link rel=\"canonical\" href=\"https:\/\/sarrworld.com\/fr\/app\/\" \/>\n<meta property=\"og:locale\" content=\"fr_FR\" \/>\n<meta property=\"og:type\" content=\"article\" \/>\n<meta property=\"og:title\" content=\"app - sarrworld.com\" \/>\n<meta property=\"og:url\" content=\"https:\/\/sarrworld.com\/fr\/app\/\" \/>\n<meta property=\"og:site_name\" content=\"sarrworld.com\" \/>\n<meta property=\"article:modified_time\" content=\"2025-08-09T14:41:12+00:00\" \/>\n<meta property=\"og:image\" content=\"https:\/\/sarrworld.com\/wp-content\/uploads\/2024\/09\/Sarr-maintenance-world-01-1-1-e1726840266634.png\" \/>\n\t<meta property=\"og:image:width\" content=\"300\" \/>\n\t<meta property=\"og:image:height\" content=\"82\" \/>\n\t<meta property=\"og:image:type\" content=\"image\/png\" \/>\n<meta name=\"twitter:card\" content=\"summary_large_image\" \/>\n<meta name=\"twitter:label1\" content=\"Dur\u00e9e de lecture estim\u00e9e\" \/>\n\t<meta name=\"twitter:data1\" content=\"1 minute\" \/>\n<script type=\"application\/ld+json\" class=\"yoast-schema-graph\">{\"@context\":\"https:\\\/\\\/schema.org\",\"@graph\":[{\"@type\":\"WebPage\",\"@id\":\"https:\\\/\\\/sarrworld.com\\\/app\\\/\",\"url\":\"https:\\\/\\\/sarrworld.com\\\/app\\\/\",\"name\":\"app - sarrworld.com\",\"isPartOf\":{\"@id\":\"https:\\\/\\\/sarrworld.com\\\/#website\"},\"primaryImageOfPage\":{\"@id\":\"https:\\\/\\\/sarrworld.com\\\/app\\\/#primaryimage\"},\"image\":{\"@id\":\"https:\\\/\\\/sarrworld.com\\\/app\\\/#primaryimage\"},\"thumbnailUrl\":\"https:\\\/\\\/sarrworld.com\\\/wp-content\\\/uploads\\\/2024\\\/09\\\/Sarr-maintenance-world-01-1-1-1024x282.png\",\"datePublished\":\"2025-08-01T22:43:14+00:00\",\"dateModified\":\"2025-08-09T14:41:12+00:00\",\"breadcrumb\":{\"@id\":\"https:\\\/\\\/sarrworld.com\\\/app\\\/#breadcrumb\"},\"inLanguage\":\"fr-FR\",\"potentialAction\":[{\"@type\":\"ReadAction\",\"target\":[\"https:\\\/\\\/sarrworld.com\\\/app\\\/\"]}]},{\"@type\":\"ImageObject\",\"inLanguage\":\"fr-FR\",\"@id\":\"https:\\\/\\\/sarrworld.com\\\/app\\\/#primaryimage\",\"url\":\"https:\\\/\\\/sarrworld.com\\\/wp-content\\\/uploads\\\/2024\\\/09\\\/Sarr-maintenance-world-01-1-1-1024x282.png\",\"contentUrl\":\"https:\\\/\\\/sarrworld.com\\\/wp-content\\\/uploads\\\/2024\\\/09\\\/Sarr-maintenance-world-01-1-1-1024x282.png\"},{\"@type\":\"BreadcrumbList\",\"@id\":\"https:\\\/\\\/sarrworld.com\\\/app\\\/#breadcrumb\",\"itemListElement\":[{\"@type\":\"ListItem\",\"position\":1,\"name\":\"Home\",\"item\":\"https:\\\/\\\/sarrworld.com\\\/\"},{\"@type\":\"ListItem\",\"position\":2,\"name\":\"app\"}]},{\"@type\":\"WebSite\",\"@id\":\"https:\\\/\\\/sarrworld.com\\\/#website\",\"url\":\"https:\\\/\\\/sarrworld.com\\\/\",\"name\":\"sarrworld.com\",\"description\":\"sarr maintenance world\",\"publisher\":{\"@id\":\"https:\\\/\\\/sarrworld.com\\\/#organization\"},\"potentialAction\":[{\"@type\":\"SearchAction\",\"target\":{\"@type\":\"EntryPoint\",\"urlTemplate\":\"https:\\\/\\\/sarrworld.com\\\/?s={search_term_string}\"},\"query-input\":{\"@type\":\"PropertyValueSpecification\",\"valueRequired\":true,\"valueName\":\"search_term_string\"}}],\"inLanguage\":\"fr-FR\"},{\"@type\":\"Organization\",\"@id\":\"https:\\\/\\\/sarrworld.com\\\/#organization\",\"name\":\"sarrworld\",\"url\":\"https:\\\/\\\/sarrworld.com\\\/\",\"logo\":{\"@type\":\"ImageObject\",\"inLanguage\":\"fr-FR\",\"@id\":\"https:\\\/\\\/sarrworld.com\\\/#\\\/schema\\\/logo\\\/image\\\/\",\"url\":\"https:\\\/\\\/sarrworld.com\\\/wp-content\\\/uploads\\\/2024\\\/09\\\/Sarr-maintenance-world-01-1-1-e1726840266634.png\",\"contentUrl\":\"https:\\\/\\\/sarrworld.com\\\/wp-content\\\/uploads\\\/2024\\\/09\\\/Sarr-maintenance-world-01-1-1-e1726840266634.png\",\"width\":300,\"height\":82,\"caption\":\"sarrworld\"},\"image\":{\"@id\":\"https:\\\/\\\/sarrworld.com\\\/#\\\/schema\\\/logo\\\/image\\\/\"}}]}<\/script>\n<!-- \/ Yoast SEO plugin. -->","yoast_head_json":{"title":"app - sarrworld.com","robots":{"index":"index","follow":"follow","max-snippet":"max-snippet:-1","max-image-preview":"max-image-preview:large","max-video-preview":"max-video-preview:-1"},"canonical":"https:\/\/sarrworld.com\/fr\/app\/","og_locale":"fr_FR","og_type":"article","og_title":"app - sarrworld.com","og_url":"https:\/\/sarrworld.com\/fr\/app\/","og_site_name":"sarrworld.com","article_modified_time":"2025-08-09T14:41:12+00:00","og_image":[{"width":300,"height":82,"url":"https:\/\/sarrworld.com\/wp-content\/uploads\/2024\/09\/Sarr-maintenance-world-01-1-1-e1726840266634.png","type":"image\/png"}],"twitter_card":"summary_large_image","twitter_misc":{"Dur\u00e9e de lecture estim\u00e9e":"1 minute"},"schema":{"@context":"https:\/\/schema.org","@graph":[{"@type":"WebPage","@id":"https:\/\/sarrworld.com\/app\/","url":"https:\/\/sarrworld.com\/app\/","name":"app - sarrworld.com","isPartOf":{"@id":"https:\/\/sarrworld.com\/#website"},"primaryImageOfPage":{"@id":"https:\/\/sarrworld.com\/app\/#primaryimage"},"image":{"@id":"https:\/\/sarrworld.com\/app\/#primaryimage"},"thumbnailUrl":"https:\/\/sarrworld.com\/wp-content\/uploads\/2024\/09\/Sarr-maintenance-world-01-1-1-1024x282.png","datePublished":"2025-08-01T22:43:14+00:00","dateModified":"2025-08-09T14:41:12+00:00","breadcrumb":{"@id":"https:\/\/sarrworld.com\/app\/#breadcrumb"},"inLanguage":"fr-FR","potentialAction":[{"@type":"ReadAction","target":["https:\/\/sarrworld.com\/app\/"]}]},{"@type":"ImageObject","inLanguage":"fr-FR","@id":"https:\/\/sarrworld.com\/app\/#primaryimage","url":"https:\/\/sarrworld.com\/wp-content\/uploads\/2024\/09\/Sarr-maintenance-world-01-1-1-1024x282.png","contentUrl":"https:\/\/sarrworld.com\/wp-content\/uploads\/2024\/09\/Sarr-maintenance-world-01-1-1-1024x282.png"},{"@type":"BreadcrumbList","@id":"https:\/\/sarrworld.com\/app\/#breadcrumb","itemListElement":[{"@type":"ListItem","position":1,"name":"Home","item":"https:\/\/sarrworld.com\/"},{"@type":"ListItem","position":2,"name":"app"}]},{"@type":"WebSite","@id":"https:\/\/sarrworld.com\/#website","url":"https:\/\/sarrworld.com\/","name":"sarrworld.com","description":"sarr maintenance world","publisher":{"@id":"https:\/\/sarrworld.com\/#organization"},"potentialAction":[{"@type":"SearchAction","target":{"@type":"EntryPoint","urlTemplate":"https:\/\/sarrworld.com\/?s={search_term_string}"},"query-input":{"@type":"PropertyValueSpecification","valueRequired":true,"valueName":"search_term_string"}}],"inLanguage":"fr-FR"},{"@type":"Organization","@id":"https:\/\/sarrworld.com\/#organization","name":"sarrworld","url":"https:\/\/sarrworld.com\/","logo":{"@type":"ImageObject","inLanguage":"fr-FR","@id":"https:\/\/sarrworld.com\/#\/schema\/logo\/image\/","url":"https:\/\/sarrworld.com\/wp-content\/uploads\/2024\/09\/Sarr-maintenance-world-01-1-1-e1726840266634.png","contentUrl":"https:\/\/sarrworld.com\/wp-content\/uploads\/2024\/09\/Sarr-maintenance-world-01-1-1-e1726840266634.png","width":300,"height":82,"caption":"sarrworld"},"image":{"@id":"https:\/\/sarrworld.com\/#\/schema\/logo\/image\/"}}]}},"_links":{"self":[{"href":"https:\/\/sarrworld.com\/fr\/wp-json\/wp\/v2\/pages\/9000","targetHints":{"allow":["GET"]}}],"collection":[{"href":"https:\/\/sarrworld.com\/fr\/wp-json\/wp\/v2\/pages"}],"about":[{"href":"https:\/\/sarrworld.com\/fr\/wp-json\/wp\/v2\/types\/page"}],"author":[{"embeddable":true,"href":"https:\/\/sarrworld.com\/fr\/wp-json\/wp\/v2\/users\/1"}],"replies":[{"embeddable":true,"href":"https:\/\/sarrworld.com\/fr\/wp-json\/wp\/v2\/comments?post=9000"}],"version-history":[{"count":55,"href":"https:\/\/sarrworld.com\/fr\/wp-json\/wp\/v2\/pages\/9000\/revisions"}],"predecessor-version":[{"id":9074,"href":"https:\/\/sarrworld.com\/fr\/wp-json\/wp\/v2\/pages\/9000\/revisions\/9074"}],"wp:attachment":[{"href":"https:\/\/sarrworld.com\/fr\/wp-json\/wp\/v2\/media?parent=9000"}],"curies":[{"name":"wp","href":"https:\/\/api.w.org\/{rel}","templated":true}]}}