{"id":7942,"date":"2018-07-11T19:11:19","date_gmt":"2018-07-11T19:11:19","guid":{"rendered":"http:\/\/demo15.houzez.co\/?page_id=7942"},"modified":"2025-09-13T23:06:20","modified_gmt":"2025-09-13T23:06:20","slug":"contact","status":"publish","type":"page","link":"https:\/\/sarrworld.com\/fr\/contact\/","title":{"rendered":"Contact"},"content":{"rendered":"<div data-elementor-type=\"wp-post\" data-elementor-id=\"7942\" class=\"elementor elementor-7942\" data-elementor-post-type=\"page\">\n\t\t\t\t<div class=\"elementor-element elementor-element-f4859f8 e-flex e-con-boxed e-con e-parent\" data-id=\"f4859f8\" data-element_type=\"container\" data-e-type=\"container\">\n\t\t\t\t\t<div class=\"e-con-inner\">\n\t\t\t\t<div class=\"elementor-element elementor-element-be264db elementor-widget elementor-widget-spacer\" data-id=\"be264db\" data-element_type=\"widget\" data-e-type=\"widget\" data-widget_type=\"spacer.default\">\n\t\t\t\t<div class=\"elementor-widget-container\">\n\t\t\t\t\t\t\t<div class=\"elementor-spacer\">\n\t\t\t<div class=\"elementor-spacer-inner\"><\/div>\n\t\t<\/div>\n\t\t\t\t\t\t<\/div>\n\t\t\t\t<\/div>\n\t\t\t\t\t<\/div>\n\t\t\t\t<\/div>\n\t\t<div class=\"elementor-element elementor-element-4d48dc1 e-flex e-con-boxed e-con e-parent\" data-id=\"4d48dc1\" data-element_type=\"container\" data-e-type=\"container\">\n\t\t\t\t\t<div class=\"e-con-inner\">\n\t\t<div class=\"elementor-element elementor-element-488d2c5 e-con-full e-flex e-con e-child\" data-id=\"488d2c5\" data-element_type=\"container\" data-e-type=\"container\">\n\t\t\t\t<div class=\"elementor-element elementor-element-b5e353b elementor-widget elementor-widget-houzez_elementor_section_title\" data-id=\"b5e353b\" data-element_type=\"widget\" data-e-type=\"widget\" data-widget_type=\"houzez_elementor_section_title.default\">\n\t\t\t\t<div class=\"elementor-widget-container\">\n\t\t\t\t\t            <div class=\"houzez_section_title_wrap section-title-module\">\n                                    <h2 class=\"houzez_section_title\">Besoin d&#039;informations? un devis?<\/h2>\n                \n                            <\/div>\n            \t\t\t\t<\/div>\n\t\t\t\t<\/div>\n\t\t\t\t<div class=\"elementor-element elementor-element-ebc124b elementor-button-align-stretch elementor-widget elementor-widget-houzez_elementor_contact_form\" data-id=\"ebc124b\" data-element_type=\"widget\" data-e-type=\"widget\" data-widget_type=\"houzez_elementor_contact_form.default\">\n\t\t\t\t<div class=\"elementor-widget-container\">\n\t\t\t\t\t\n        <script type=\"application\/javascript\">\n            jQuery(document).bind(\"ready\", function () {\n                houzezValidateElementor(\"#houzez-form-ebc124b\" );\n            });\n        <\/script>\n\n        <form class=\"elementor-form houzez-ele-form-js\" id=\"houzez-form-ebc124b\" method=\"post\" name=\"contact\" action=\"https:\/\/sarrworld.com\/wp-admin\/admin-ajax.php\">\n            <input type=\"hidden\" name=\"form_id\" value=\"ebc124b\"\/>\n            <input type=\"hidden\" name=\"houzez_contact_form\" value=\"yes\"\/>\n            <input type=\"hidden\" name=\"action\" value=\"houzez_ele_contact_form\" \/>\n            <input type=\"hidden\" name=\"source_link\" value=\"https:\/\/sarrworld.com\/fr\/contact\/\" \/>\n            <input type=\"hidden\" name=\"lead_page_id\" value=\"7942\" \/>\n            <input type=\"hidden\" name=\"webhook\" value=\"false\" \/>\n            <input type=\"hidden\" name=\"webhook_url\" value=\"\" \/>\n            <input type=\"hidden\" name=\"redirect_to\" value=\"\" \/>\n            <input type=\"hidden\" name=\"google_recaptcha\" value=\"false\" \/>\n            \n\n            <div class=\"elementor-form-fields-wrapper elementor-labels-above\">\n\n                                    <div class=\"elementor-field-group elementor-column form-group elementor-field-group-name elementor-col-50\">\n                    <label for=\"form-field-name\" class=\"form-label elementor-field-label\">Nom<\/label><input type=\"text\" name=\"name\" id=\"form-field-name\" class=\"elementor-field form-control elementor-size-sm elementor-field-textual\" placeholder=\"Nom\" title=\"* Nom\">                    <\/div>\n\n                                        <div class=\"elementor-field-group elementor-column form-group elementor-field-group-email elementor-col-50 elementor-field-required\">\n                    <label for=\"form-field-email\" class=\"form-label elementor-field-label\">E-mail<\/label><input type=\"email\" name=\"email\" id=\"form-field-email\" class=\"elementor-field form-control elementor-size-sm elementor-field-textual\" placeholder=\"E-mail\" title=\"* E-mail\" required=\"required\">                    <\/div>\n\n                                        <div class=\"elementor-field-group elementor-column form-group elementor-field-group-0cd3195 elementor-col-50\">\n                    <label for=\"form-field-0cd3195\" class=\"form-label elementor-field-label\">Objet<\/label><input type=\"text\" name=\"name\" id=\"form-field-0cd3195\" class=\"elementor-field form-control elementor-size-sm elementor-field-textual\" placeholder=\"Objet\" title=\"* Objet\">                    <\/div>\n\n                                        <div class=\"elementor-field-group elementor-column form-group elementor-field-group-ea9dd15 elementor-col-50\">\n                    <label for=\"form-field-ea9dd15\" class=\"form-label elementor-field-label\">T\u00e9l\u00e9phone<\/label><input type=\"text\" name=\"home_phone\" id=\"form-field-ea9dd15\" class=\"elementor-field form-control elementor-size-sm elementor-field-textual\" placeholder=\"T\u00e9l\u00e9phone\" title=\"* T\u00e9l\u00e9phone\">                    <\/div>\n\n                                        <div class=\"elementor-field-group elementor-column form-group elementor-field-group-message elementor-col-100\">\n                    <label for=\"form-field-message\" class=\"form-label elementor-field-label\">Message<\/label><textarea class=\"elementor-field-textual elementor-field elementor-size-sm\" name=\"message\" id=\"form-field-message\" rows=\"4\" placeholder=\"Message\"><\/textarea>                    <\/div>\n\n                    \n                    \n                    \n                    \n                    <div class=\"elementor-field-group elementor-column elementor-field-type-submit elementor-col-100\">\n                    <button type=\"submit\" class=\"houzez-submit-button houzez-contact-form-js elementor-button elementor-size-sm\">\n                        <i class=\"houzez-loader-js houzez-hidden spinner-border spinner-border-sm\"><\/i>\n                                                    Soumettre                                            <\/button>\n                <\/div>\n            <\/div><!-- End wrapper-->\n            <br\/>\n            <div class=\"ele-form-messages\"><\/div>\n            <div class=\"error-container\"><\/div>\n\n        <\/form>\n\n    \t\t\t\t<\/div>\n\t\t\t\t<\/div>\n\t\t\t\t<\/div>\n\t\t<div class=\"elementor-element elementor-element-2e6453f e-con-full e-flex e-con e-child\" data-id=\"2e6453f\" data-element_type=\"container\" data-e-type=\"container\">\n\t\t\t\t<div class=\"elementor-element elementor-element-a6a724f elementor-widget elementor-widget-houzez_elementor_section_title\" data-id=\"a6a724f\" data-element_type=\"widget\" data-e-type=\"widget\" data-widget_type=\"houzez_elementor_section_title.default\">\n\t\t\t\t<div class=\"elementor-widget-container\">\n\t\t\t\t\t            <div class=\"houzez_section_title_wrap section-title-module\">\n                                    <h2 class=\"houzez_section_title\">Contactez-nous<\/h2>\n                \n                            <\/div>\n            \t\t\t\t<\/div>\n\t\t\t\t<\/div>\n\t\t\t\t<div class=\"elementor-element elementor-element-9831ef4 textsize23 elementor-widget elementor-widget-text-editor\" data-id=\"9831ef4\" data-element_type=\"widget\" data-e-type=\"widget\" data-widget_type=\"text-editor.default\">\n\t\t\t\t<div class=\"elementor-widget-container\">\n\t\t\t\t\t\t\t\t\t<p><strong>Adresse<\/strong><br \/>sicap libert\u00e9 2 , Dakar, S\u00e9n\u00e9gal<\/p><p><strong>Contact<\/strong><br \/><a href=\"mailto:Khalysarr@sarrworld.com\">Khalysarr@sarrworld.com<\/a><br \/>77 097 07 65<\/p><p><strong>Heures d&#039;ouverture<br \/><\/strong>Du lundi au vendredi<strong><br \/><\/strong>de 8 h \u00e0 12 h et de 1 h 30 \u00e0 5 h<\/p>\t\t\t\t\t\t\t\t<\/div>\n\t\t\t\t<\/div>\n\t\t\t\t<\/div>\n\t\t\t\t\t<\/div>\n\t\t\t\t<\/div>\n\t\t<div class=\"elementor-element elementor-element-6dcc374 e-flex e-con-boxed e-con e-parent\" data-id=\"6dcc374\" data-element_type=\"container\" data-e-type=\"container\">\n\t\t\t\t\t<div class=\"e-con-inner\">\n\t\t\t\t<div class=\"elementor-element elementor-element-495608e elementor-widget elementor-widget-google_maps\" data-id=\"495608e\" data-element_type=\"widget\" data-e-type=\"widget\" data-widget_type=\"google_maps.default\">\n\t\t\t\t<div class=\"elementor-widget-container\">\n\t\t\t\t\t\t\t<div class=\"elementor-custom-embed\">\n\t\t\t<iframe loading=\"lazy\"\n\t\t\t\t\tsrc=\"https:\/\/maps.google.com\/maps?q=sicap%20libert%C3%A9%202%20%2C%20Dakar%20S%C3%A9n%C3%A9gal&#038;t=m&#038;z=10&#038;output=embed&#038;iwloc=near\"\n\t\t\t\t\ttitle=\"sicap libert\u00e9 2 , Dakar, S\u00e9n\u00e9gal\"\n\t\t\t\t\taria-label=\"sicap libert\u00e9 2 , Dakar, S\u00e9n\u00e9gal\"\n\t\t\t><\/iframe>\n\t\t<\/div>\n\t\t\t\t\t\t<\/div>\n\t\t\t\t<\/div>\n\t\t\t\t\t<\/div>\n\t\t\t\t<\/div>\n\t\t\t\t<\/div>","protected":false},"excerpt":{"rendered":"<p>Need information? a quote? Name Email Object Phone Message Submit Contact us Addresssicap libert\u00e9 2 , Dakar S\u00e9n\u00e9gal ContactKhalysarr@sarrworld.com77 097 07 65 Opening hoursMonday to Fridayfrom 8 a.m. to 12 p.m. and from 1:30 p.m. to 5 p.m.<\/p>","protected":false},"author":1,"featured_media":0,"parent":0,"menu_order":0,"comment_status":"closed","ping_status":"closed","template":"elementor_header_footer","meta":{"footnotes":""},"class_list":["post-7942","page","type-page","status-publish","hentry"],"ams_acf":[],"yoast_head":"<!-- This site is optimized with the Yoast SEO plugin v27.4 - https:\/\/yoast.com\/product\/yoast-seo-wordpress\/ -->\n<title>Contact - sarrworld.com<\/title>\n<meta name=\"description\" content=\"Get in touch with Sarrworld for your property maintenance needs. Call us or fill out the contact form to receive expert service for your home or business.\" \/>\n<meta name=\"robots\" content=\"index, follow, max-snippet:-1, max-image-preview:large, max-video-preview:-1\" \/>\n<link rel=\"canonical\" href=\"https:\/\/sarrworld.com\/fr\/contact\/\" \/>\n<meta property=\"og:locale\" content=\"fr_FR\" \/>\n<meta property=\"og:type\" content=\"article\" \/>\n<meta property=\"og:title\" content=\"Contact - sarrworld.com\" \/>\n<meta property=\"og:description\" content=\"Get in touch with Sarrworld for your property maintenance needs. Call us or fill out the contact form to receive expert service for your home or business.\" \/>\n<meta property=\"og:url\" content=\"https:\/\/sarrworld.com\/fr\/contact\/\" \/>\n<meta property=\"og:site_name\" content=\"sarrworld.com\" \/>\n<meta property=\"article:modified_time\" content=\"2025-09-13T23:06:20+00:00\" \/>\n<meta property=\"og:image\" content=\"https:\/\/sarrworld.com\/wp-content\/uploads\/2024\/09\/Sarr-maintenance-world-01-1-1-e1726840266634.png\" \/>\n\t<meta property=\"og:image:width\" content=\"300\" \/>\n\t<meta property=\"og:image:height\" content=\"82\" \/>\n\t<meta property=\"og:image:type\" content=\"image\/png\" \/>\n<meta name=\"twitter:card\" content=\"summary_large_image\" \/>\n<meta name=\"twitter:label1\" content=\"Dur\u00e9e de lecture estim\u00e9e\" \/>\n\t<meta name=\"twitter:data1\" content=\"1 minute\" \/>\n<script type=\"application\/ld+json\" class=\"yoast-schema-graph\">{\"@context\":\"https:\\\/\\\/schema.org\",\"@graph\":[{\"@type\":\"WebPage\",\"@id\":\"https:\\\/\\\/sarrworld.com\\\/contact\\\/\",\"url\":\"https:\\\/\\\/sarrworld.com\\\/contact\\\/\",\"name\":\"Contact - sarrworld.com\",\"isPartOf\":{\"@id\":\"https:\\\/\\\/sarrworld.com\\\/#website\"},\"datePublished\":\"2018-07-11T19:11:19+00:00\",\"dateModified\":\"2025-09-13T23:06:20+00:00\",\"description\":\"Get in touch with Sarrworld for your property maintenance needs. Call us or fill out the contact form to receive expert service for your home or business.\",\"breadcrumb\":{\"@id\":\"https:\\\/\\\/sarrworld.com\\\/contact\\\/#breadcrumb\"},\"inLanguage\":\"fr-FR\",\"potentialAction\":[{\"@type\":\"ReadAction\",\"target\":[\"https:\\\/\\\/sarrworld.com\\\/contact\\\/\"]}]},{\"@type\":\"BreadcrumbList\",\"@id\":\"https:\\\/\\\/sarrworld.com\\\/contact\\\/#breadcrumb\",\"itemListElement\":[{\"@type\":\"ListItem\",\"position\":1,\"name\":\"Home\",\"item\":\"https:\\\/\\\/sarrworld.com\\\/\"},{\"@type\":\"ListItem\",\"position\":2,\"name\":\"Contact\"}]},{\"@type\":\"WebSite\",\"@id\":\"https:\\\/\\\/sarrworld.com\\\/#website\",\"url\":\"https:\\\/\\\/sarrworld.com\\\/\",\"name\":\"sarrworld.com\",\"description\":\"sarr maintenance world\",\"publisher\":{\"@id\":\"https:\\\/\\\/sarrworld.com\\\/#organization\"},\"potentialAction\":[{\"@type\":\"SearchAction\",\"target\":{\"@type\":\"EntryPoint\",\"urlTemplate\":\"https:\\\/\\\/sarrworld.com\\\/?s={search_term_string}\"},\"query-input\":{\"@type\":\"PropertyValueSpecification\",\"valueRequired\":true,\"valueName\":\"search_term_string\"}}],\"inLanguage\":\"fr-FR\"},{\"@type\":\"Organization\",\"@id\":\"https:\\\/\\\/sarrworld.com\\\/#organization\",\"name\":\"sarrworld\",\"url\":\"https:\\\/\\\/sarrworld.com\\\/\",\"logo\":{\"@type\":\"ImageObject\",\"inLanguage\":\"fr-FR\",\"@id\":\"https:\\\/\\\/sarrworld.com\\\/#\\\/schema\\\/logo\\\/image\\\/\",\"url\":\"https:\\\/\\\/sarrworld.com\\\/wp-content\\\/uploads\\\/2024\\\/09\\\/Sarr-maintenance-world-01-1-1-e1726840266634.png\",\"contentUrl\":\"https:\\\/\\\/sarrworld.com\\\/wp-content\\\/uploads\\\/2024\\\/09\\\/Sarr-maintenance-world-01-1-1-e1726840266634.png\",\"width\":300,\"height\":82,\"caption\":\"sarrworld\"},\"image\":{\"@id\":\"https:\\\/\\\/sarrworld.com\\\/#\\\/schema\\\/logo\\\/image\\\/\"}}]}<\/script>\n<!-- \/ Yoast SEO plugin. -->","yoast_head_json":{"title":"Contact - sarrworld.com","description":"Get in touch with Sarrworld for your property maintenance needs. Call us or fill out the contact form to receive expert service for your home or business.","robots":{"index":"index","follow":"follow","max-snippet":"max-snippet:-1","max-image-preview":"max-image-preview:large","max-video-preview":"max-video-preview:-1"},"canonical":"https:\/\/sarrworld.com\/fr\/contact\/","og_locale":"fr_FR","og_type":"article","og_title":"Contact - sarrworld.com","og_description":"Get in touch with Sarrworld for your property maintenance needs. Call us or fill out the contact form to receive expert service for your home or business.","og_url":"https:\/\/sarrworld.com\/fr\/contact\/","og_site_name":"sarrworld.com","article_modified_time":"2025-09-13T23:06:20+00:00","og_image":[{"width":300,"height":82,"url":"https:\/\/sarrworld.com\/wp-content\/uploads\/2024\/09\/Sarr-maintenance-world-01-1-1-e1726840266634.png","type":"image\/png"}],"twitter_card":"summary_large_image","twitter_misc":{"Dur\u00e9e de lecture estim\u00e9e":"1 minute"},"schema":{"@context":"https:\/\/schema.org","@graph":[{"@type":"WebPage","@id":"https:\/\/sarrworld.com\/contact\/","url":"https:\/\/sarrworld.com\/contact\/","name":"Contact - sarrworld.com","isPartOf":{"@id":"https:\/\/sarrworld.com\/#website"},"datePublished":"2018-07-11T19:11:19+00:00","dateModified":"2025-09-13T23:06:20+00:00","description":"Get in touch with Sarrworld for your property maintenance needs. Call us or fill out the contact form to receive expert service for your home or business.","breadcrumb":{"@id":"https:\/\/sarrworld.com\/contact\/#breadcrumb"},"inLanguage":"fr-FR","potentialAction":[{"@type":"ReadAction","target":["https:\/\/sarrworld.com\/contact\/"]}]},{"@type":"BreadcrumbList","@id":"https:\/\/sarrworld.com\/contact\/#breadcrumb","itemListElement":[{"@type":"ListItem","position":1,"name":"Home","item":"https:\/\/sarrworld.com\/"},{"@type":"ListItem","position":2,"name":"Contact"}]},{"@type":"WebSite","@id":"https:\/\/sarrworld.com\/#website","url":"https:\/\/sarrworld.com\/","name":"sarrworld.com","description":"sarr maintenance world","publisher":{"@id":"https:\/\/sarrworld.com\/#organization"},"potentialAction":[{"@type":"SearchAction","target":{"@type":"EntryPoint","urlTemplate":"https:\/\/sarrworld.com\/?s={search_term_string}"},"query-input":{"@type":"PropertyValueSpecification","valueRequired":true,"valueName":"search_term_string"}}],"inLanguage":"fr-FR"},{"@type":"Organization","@id":"https:\/\/sarrworld.com\/#organization","name":"sarrworld","url":"https:\/\/sarrworld.com\/","logo":{"@type":"ImageObject","inLanguage":"fr-FR","@id":"https:\/\/sarrworld.com\/#\/schema\/logo\/image\/","url":"https:\/\/sarrworld.com\/wp-content\/uploads\/2024\/09\/Sarr-maintenance-world-01-1-1-e1726840266634.png","contentUrl":"https:\/\/sarrworld.com\/wp-content\/uploads\/2024\/09\/Sarr-maintenance-world-01-1-1-e1726840266634.png","width":300,"height":82,"caption":"sarrworld"},"image":{"@id":"https:\/\/sarrworld.com\/#\/schema\/logo\/image\/"}}]}},"_links":{"self":[{"href":"https:\/\/sarrworld.com\/fr\/wp-json\/wp\/v2\/pages\/7942","targetHints":{"allow":["GET"]}}],"collection":[{"href":"https:\/\/sarrworld.com\/fr\/wp-json\/wp\/v2\/pages"}],"about":[{"href":"https:\/\/sarrworld.com\/fr\/wp-json\/wp\/v2\/types\/page"}],"author":[{"embeddable":true,"href":"https:\/\/sarrworld.com\/fr\/wp-json\/wp\/v2\/users\/1"}],"replies":[{"embeddable":true,"href":"https:\/\/sarrworld.com\/fr\/wp-json\/wp\/v2\/comments?post=7942"}],"version-history":[{"count":43,"href":"https:\/\/sarrworld.com\/fr\/wp-json\/wp\/v2\/pages\/7942\/revisions"}],"predecessor-version":[{"id":9079,"href":"https:\/\/sarrworld.com\/fr\/wp-json\/wp\/v2\/pages\/7942\/revisions\/9079"}],"wp:attachment":[{"href":"https:\/\/sarrworld.com\/fr\/wp-json\/wp\/v2\/media?parent=7942"}],"curies":[{"name":"wp","href":"https:\/\/api.w.org\/{rel}","templated":true}]}}